{"id":271,"date":"2023-01-27T22:57:14","date_gmt":"2023-01-27T22:57:14","guid":{"rendered":"https:\/\/spb-bau.de\/?page_id=271"},"modified":"2025-06-14T11:01:53","modified_gmt":"2025-06-14T11:01:53","slug":"impressum-2","status":"publish","type":"page","link":"https:\/\/spb-bau.de\/?page_id=271","title":{"rendered":"Impressum"},"content":{"rendered":"\n<p><\/p>\n\n\n\n<p class=\"has-medium-font-size\"><strong>Angaben gem\u00e4\u00df \u00a75 TMG<\/strong><\/p>\n\n\n\n<div class=\"wp-block-group is-vertical is-layout-flex wp-container-core-group-is-layout-8cf370e7 wp-block-group-is-layout-flex\">\n<p><strong>SPB Planen &amp; Beraten GmbH<\/strong><\/p>\n\n\n\n<div class=\"wp-block-group is-vertical is-layout-flex wp-container-core-group-is-layout-8cf370e7 wp-block-group-is-layout-flex\">\n<p>Neufahrner Stra\u00dfe 5<\/p>\n\n\n\n<p>85386 Eching<\/p>\n<\/div>\n<\/div>\n\n\n\n<p><\/p>\n\n\n\n<div class=\"wp-block-group is-vertical is-layout-flex wp-container-core-group-is-layout-8cf370e7 wp-block-group-is-layout-flex\">\n<p class=\"has-medium-font-size\"><strong>Vertreten durch<\/strong><\/p>\n<\/div>\n\n\n\n<p><\/p>\n\n\n\n<div class=\"wp-block-group is-vertical is-layout-flex wp-container-core-group-is-layout-8cf370e7 wp-block-group-is-layout-flex\">\n<p>Fabian Simon<\/p>\n\n\n\n<p>M.Sc. (TUM) <\/p>\n\n\n\n<p>Beratender Ingenieur BayIkBau<\/p>\n\n\n\n<p>Fachplaner f\u00fcr vorbeugenden Brandschutz<\/p>\n\n\n\n<p>Bauvorlageberechtigung nach Art. 61 Abs. 2 Nr. 2 und Abs. 5 BayBO<\/p>\n\n\n\n<p>Mitglied <a href=\"https:\/\/www.bayika.de\/\" data-type=\"link\" data-id=\"https:\/\/www.bayika.de\/\">Bayrische Ingenieurkammer Bau<\/a> \u2013 Listen Nr. 102 614<\/p>\n\n\n\n<p>Mitglied <a href=\"https:\/\/www.vdi.de\/\" data-type=\"link\" data-id=\"https:\/\/www.vdi.de\/\">Verein Deutscher Ingenieur (VDI)<\/a><\/p>\n\n\n\n<p>Neufahrner Stra\u00dfe 5<\/p>\n\n\n\n<div class=\"wp-block-group is-vertical is-layout-flex wp-container-core-group-is-layout-8cf370e7 wp-block-group-is-layout-flex\">\n<p>85386 Eching<\/p>\n<\/div>\n<\/div>\n\n\n\n<p class=\"has-medium-font-size\"><strong>Kontakt<\/strong><\/p>\n\n\n\n<div class=\"wp-block-group is-vertical is-layout-flex wp-container-core-group-is-layout-8cf370e7 wp-block-group-is-layout-flex\">\n<p>Telefon: +49 160 913 12 665<\/p>\n\n\n\n<p>E-Mail: info@spb-bau.de<\/p>\n<\/div>\n\n\n\n<p><\/p>\n\n\n\n<p class=\"has-medium-font-size\"><strong>Registereintragung<\/strong><\/p>\n\n\n\n<div class=\"wp-block-group is-vertical is-layout-flex wp-container-core-group-is-layout-8cf370e7 wp-block-group-is-layout-flex\">\n<p>Sitz und Registergericht<\/p>\n\n\n\n<p>M\u00fcnchen, HRB 281667<\/p>\n<\/div>\n\n\n\n<p class=\"has-medium-font-size\"><strong>Umsatzsteuer<\/strong><\/p>\n\n\n\n<div class=\"wp-block-group is-vertical is-layout-flex wp-container-core-group-is-layout-8cf370e7 wp-block-group-is-layout-flex\">\n<p><strong>Umsatzsteuer-Identifikationsnummer<\/strong> gem\u00e4\u00df \u00a727a Umsatzsteuergesetz:<\/p>\n\n\n\n<p>DE358511109<\/p>\n<\/div>\n\n\n\n<p class=\"has-medium-font-size\"><strong>Angaben zur Berufshaftpflichversicherung<\/strong><\/p>\n\n\n\n<div class=\"wp-block-group is-vertical is-layout-flex wp-container-core-group-is-layout-8cf370e7 wp-block-group-is-layout-flex\">\n<p>Name und Sitz des Versicherers:<\/p>\n\n\n\n<p>Gothaer Allgemeine Versicherung AG<\/p>\n\n\n\n<p>50598 K\u00f6ln<\/p>\n\n\n\n<p><\/p>\n\n\n\n<p>Vers.Nr.: 32.078.530900<\/p>\n\n\n\n<p>Geltungsraum der Versicherung: Deutschland<\/p>\n<\/div>\n\n\n\n<p class=\"has-medium-font-size\"><strong>Verantwortlich f\u00fcr den Inhalt Nach \u00a755 Abs.2 RSTV<\/strong><\/p>\n\n\n\n<div class=\"wp-block-group is-vertical is-layout-flex wp-container-core-group-is-layout-8cf370e7 wp-block-group-is-layout-flex\">\n<p>Fabian Simon<\/p>\n\n\n\n<p>Neufahrner Stra\u00dfe 5<\/p>\n\n\n\n<p>85386 Eching<\/p>\n<\/div>\n\n\n\n<p class=\"has-medium-font-size\"><strong>Streitschlichtung<\/strong><\/p>\n\n\n\n<div class=\"wp-block-group is-vertical is-layout-flex wp-container-core-group-is-layout-8cf370e7 wp-block-group-is-layout-flex\">\n<p>Die Europ\u00e4ische Kommission stellt eine Plattform zur Online-Streitbeilegung (OS) bereit: <a href=\"https:\/\/ec.europa.eu\/consumers\/odr. \">h<\/a><a href=\"https:\/\/ec.europa.eu\/consumers\/odr.\" target=\"_blank\" rel=\"noreferrer noopener\">ttps:\/\/ec.europa.eu\/consumers\/odr. <\/a><\/p>\n\n\n\n<p>Unsere E-Mail-Adresse finden Sie ob im Impressum. <\/p>\n\n\n\n<p>Wir sind nicht bereit oder verpflichtet, an Streitbeilegungsverfahren vor einer Verbraucherschlichtungsstelle teilzunehmen. <\/p>\n<\/div>\n\n\n\n<p class=\"has-medium-font-size\"><strong>Haftungshinweis<\/strong><\/p>\n\n\n\n<div class=\"wp-block-group is-vertical is-layout-flex wp-container-core-group-is-layout-8cf370e7 wp-block-group-is-layout-flex\">\n<p><strong>Haftung f\u00fcr Inhalte<\/strong><\/p>\n\n\n\n<p>Als Dienstleister sind wir gem\u00e4\u00df \u00a77 Abs.1 TMG f\u00fcr eigene Inhalte auf diesen Seiten ach den allgemeinen Gesetzen verantwortlich. Nach \u00a7\u00a7 8 bis 10 TMG sind wir als Diensteanbieter jedoch nicht verpflichtet, \u00fcbermittelte oder gespeicherte fremde Informationen zu \u00fcberwachen oder nach Umst\u00e4nden zu forschen, die auf eine rechtswidrige T\u00e4tigkeit hinweisen.<\/p>\n\n\n\n<p>Verpflichtungen auf Entfernung oder Sperrung der Nutzung von Informationen nach den allgemeinen Gesetzen bleiben hiervon unber\u00fchrt. Eine diesbez\u00fcgliche Haftung ist jedoch erst ab dem Zeitpunkt der Kenntnis einer konkreten Rechtsverletzung m\u00f6glich. Bei Bekanntwerden von entsprechenden Rechtsverletzungen werden wir diese Inhalte umgehend entfernen. <\/p>\n<\/div>\n\n\n\n<div class=\"wp-block-group is-vertical is-layout-flex wp-container-core-group-is-layout-8cf370e7 wp-block-group-is-layout-flex\">\n<p><\/p>\n\n\n\n<p><strong>Haftung f\u00fcr Links<\/strong><\/p>\n\n\n\n<p>Unser Angebot enth\u00e4lt Links zu externen Websites Dritter, auf deren Inhalte wir keinen Einfluss haben. Deshalb k\u00f6nnen wir f\u00fcr diese fremden Inhalte auch keine Gew\u00e4hr \u00fcbernehmen. F\u00fcr die Inhalte der verlinkten Seiten ist stets der jeweilige Anbieter oder Betreiber der Seiten verantwortlich. Die verlinkten Seiten wurden zum Zeitpunkt der Verlinkung auf m\u00f6gliche Rechtsverst\u00f6\u00dfe \u00fcberpr\u00fcft. Rechtswidrige Inhalte waren zum Zeitpunkt der Verlinkung nicht erkennbar. <\/p>\n\n\n\n<p>Eine permanente inhaltliche Kontrolle der verlinkten Seiten ist jedoch ohne konkrete Anhaltspunkte einer Rechtsverletzung nicht zumutbar. Bei Bekanntwerden von Rechtsverletzungen werden wir derartige Links umgehend entfernen. <\/p>\n<\/div>\n\n\n\n<div class=\"wp-block-group is-vertical is-layout-flex wp-container-core-group-is-layout-8cf370e7 wp-block-group-is-layout-flex\">\n<p><\/p>\n\n\n\n<p><strong>Urheberrecht<\/strong><\/p>\n\n\n\n<p>Die durch die Seitenbetreiber erstellten Inhalte und Werke auf diesen Seiten unterliegen dem deutschen Urheberrecht. Die Vervielf\u00e4ltigung, Bearbeitung, Verbreitung und jede Art der Verwertung au\u00dferhalb der Grenzen des Urheberrechtes bed\u00fcrfen der schriftlichen Zustimmung des jeweiligen Autors bzw. Erstellers. Downloads und Kopien dieser Seite sind nur f\u00fcr den privaten, nicht kommerziellen Gebrauch gestattet. <\/p>\n\n\n\n<p>Soweit die Inhalte auf dieser Seite nicht vom Betreiber erstellt wurden, werden die Urheberrechte Dritter beachtet. Insbesondere werden Inhalte Dritter als solche gekennzeichnet. Sollten Sie trotzdem auf einer Urheberrechtsverletzung aufmerksam werden, bitten wir um einen entsprechenden Hinweis. Bei Bekanntwerden von Rechtsverletzungen werden wir derartige Inhalte umgehend entfernen. <\/p>\n<\/div>\n","protected":false},"excerpt":{"rendered":"<p>Angaben gem\u00e4\u00df \u00a75 TMG SPB Planen &amp; Beraten GmbH Neufahrner Stra\u00dfe 5 85386 Eching Vertreten durch Fabian Simon M.Sc. (TUM) Beratender Ingenieur BayIkBau Fachplaner f\u00fcr vorbeugenden Brandschutz Bauvorlageberechtigung nach Art. 61 Abs. 2 Nr. 2 und Abs. 5 BayBO Mitglied Bayrische Ingenieurkammer Bau \u2013 Listen Nr. 102 614 Mitglied Verein Deutscher Ingenieur (VDI) Neufahrner Stra\u00dfe [&hellip;]<\/p>\n","protected":false},"author":1,"featured_media":0,"parent":0,"menu_order":0,"comment_status":"closed","ping_status":"closed","template":"","meta":{"footnotes":""},"class_list":["post-271","page","type-page","status-publish","czr-hentry"],"_links":{"self":[{"href":"https:\/\/spb-bau.de\/index.php?rest_route=\/wp\/v2\/pages\/271","targetHints":{"allow":["GET"]}}],"collection":[{"href":"https:\/\/spb-bau.de\/index.php?rest_route=\/wp\/v2\/pages"}],"about":[{"href":"https:\/\/spb-bau.de\/index.php?rest_route=\/wp\/v2\/types\/page"}],"author":[{"embeddable":true,"href":"https:\/\/spb-bau.de\/index.php?rest_route=\/wp\/v2\/users\/1"}],"replies":[{"embeddable":true,"href":"https:\/\/spb-bau.de\/index.php?rest_route=%2Fwp%2Fv2%2Fcomments&post=271"}],"version-history":[{"count":22,"href":"https:\/\/spb-bau.de\/index.php?rest_route=\/wp\/v2\/pages\/271\/revisions"}],"predecessor-version":[{"id":686,"href":"https:\/\/spb-bau.de\/index.php?rest_route=\/wp\/v2\/pages\/271\/revisions\/686"}],"wp:attachment":[{"href":"https:\/\/spb-bau.de\/index.php?rest_route=%2Fwp%2Fv2%2Fmedia&parent=271"}],"curies":[{"name":"wp","href":"https:\/\/api.w.org\/{rel}","templated":true}]}}