{"id":160,"date":"2023-01-23T20:05:21","date_gmt":"2023-01-23T20:05:21","guid":{"rendered":"https:\/\/spb-bau.de\/?page_id=160"},"modified":"2025-06-14T10:54:14","modified_gmt":"2025-06-14T10:54:14","slug":"kontakt","status":"publish","type":"page","link":"https:\/\/spb-bau.de\/?page_id=160","title":{"rendered":"Kontakt"},"content":{"rendered":"<div class=\"wp-block-image wp-duotone-unset-1\">\n<figure class=\"alignleft size-full is-resized\"><img loading=\"lazy\" decoding=\"async\" width=\"550\" height=\"550\" src=\"https:\/\/spb-bau.de\/wp-content\/uploads\/2024\/12\/Kran.jpg\" alt=\"\" class=\"wp-image-634\" style=\"width:485px;height:auto\" srcset=\"https:\/\/spb-bau.de\/wp-content\/uploads\/2024\/12\/Kran.jpg 550w, https:\/\/spb-bau.de\/wp-content\/uploads\/2024\/12\/Kran-300x300.jpg 300w, https:\/\/spb-bau.de\/wp-content\/uploads\/2024\/12\/Kran-150x150.jpg 150w, https:\/\/spb-bau.de\/wp-content\/uploads\/2024\/12\/Kran-510x510.jpg 510w\" sizes=\"auto, (max-width: 550px) 100vw, 550px\" \/><\/figure>\n<\/div>\n\n\n<p class=\"has-text-align-left\">____________________________________<\/p>\n\n\n\n<p class=\"has-medium-font-size\"><strong>SPB Planen &amp; Beraten GmbH<\/strong><\/p>\n\n\n\n<p class=\"has-medium-font-size\">Ingenieurb\u00fcro f\u00fcr Bauplanung und Projektmanagement<\/p>\n\n\n\n<p>____________________________________<\/p>\n\n\n\n<p><\/p>\n\n\n\n<div class=\"wp-block-group is-vertical is-layout-flex wp-container-core-group-is-layout-8cf370e7 wp-block-group-is-layout-flex\">\n<p class=\"has-medium-font-size\">Neufahrner Stra\u00dfe 5<\/p>\n\n\n\n<p class=\"has-medium-font-size\">85386 Eching<\/p>\n\n\n\n<p class=\"has-medium-font-size\">Germany<\/p>\n<\/div>\n\n\n\n<p><\/p>\n\n\n\n<div class=\"wp-block-group is-vertical is-layout-flex wp-container-core-group-is-layout-8cf370e7 wp-block-group-is-layout-flex\">\n<p class=\"has-medium-font-size\">Mail: <a href=\"mailto:info@spb-bau.de\" target=\"_blank\" rel=\"noreferrer noopener\">info@spb-bau.de<\/a> <\/p>\n\n\n\n<p class=\"has-medium-font-size\">Fon: +49 160 913 12 665 <\/p>\n<\/div>\n","protected":false},"excerpt":{"rendered":"<p>____________________________________ SPB Planen &amp; Beraten GmbH Ingenieurb\u00fcro f\u00fcr Bauplanung und Projektmanagement ____________________________________ Neufahrner Stra\u00dfe 5 85386 Eching Germany Mail: info@spb-bau.de Fon: +49 160 913 12 665<\/p>\n","protected":false},"author":1,"featured_media":0,"parent":0,"menu_order":0,"comment_status":"closed","ping_status":"closed","template":"","meta":{"footnotes":""},"class_list":["post-160","page","type-page","status-publish","czr-hentry"],"_links":{"self":[{"href":"https:\/\/spb-bau.de\/index.php?rest_route=\/wp\/v2\/pages\/160","targetHints":{"allow":["GET"]}}],"collection":[{"href":"https:\/\/spb-bau.de\/index.php?rest_route=\/wp\/v2\/pages"}],"about":[{"href":"https:\/\/spb-bau.de\/index.php?rest_route=\/wp\/v2\/types\/page"}],"author":[{"embeddable":true,"href":"https:\/\/spb-bau.de\/index.php?rest_route=\/wp\/v2\/users\/1"}],"replies":[{"embeddable":true,"href":"https:\/\/spb-bau.de\/index.php?rest_route=%2Fwp%2Fv2%2Fcomments&post=160"}],"version-history":[{"count":18,"href":"https:\/\/spb-bau.de\/index.php?rest_route=\/wp\/v2\/pages\/160\/revisions"}],"predecessor-version":[{"id":676,"href":"https:\/\/spb-bau.de\/index.php?rest_route=\/wp\/v2\/pages\/160\/revisions\/676"}],"wp:attachment":[{"href":"https:\/\/spb-bau.de\/index.php?rest_route=%2Fwp%2Fv2%2Fmedia&parent=160"}],"curies":[{"name":"wp","href":"https:\/\/api.w.org\/{rel}","templated":true}]}}